{"id":128,"date":"2025-05-03T06:41:55","date_gmt":"2025-05-03T06:41:55","guid":{"rendered":"https:\/\/mustatdev.net\/?page_id=128"},"modified":"2025-05-03T06:41:55","modified_gmt":"2025-05-03T06:41:55","slug":"accueil","status":"publish","type":"page","link":"https:\/\/mustatdev.net\/","title":{"rendered":"Accueil"},"content":{"rendered":"\n<p><strong>Bien venusur notre site web<\/strong><\/p>\n\n\n\n<p>Nous proposons diff\u00e9rentes options de licences pour r\u00e9pondre aux besoins sp\u00e9cifiques de chaque utilisateur, du particulier \u00e0 l&rsquo;entreprise.<\/p>\n\n\n\n<p><\/p>\n","protected":false},"excerpt":{"rendered":"<p>Bien venusur notre site web Nous proposons diff\u00e9rentes options de licences pour r\u00e9pondre aux besoins sp\u00e9cifiques de chaque utilisateur, du particulier \u00e0 l&rsquo;entreprise.<\/p>\n","protected":false},"author":1,"featured_media":0,"parent":0,"menu_order":0,"comment_status":"closed","ping_status":"closed","template":"","meta":{"footnotes":""},"class_list":["post-128","page","type-page","status-publish","hentry"],"_links":{"self":[{"href":"https:\/\/mustatdev.net\/index.php\/wp-json\/wp\/v2\/pages\/128","targetHints":{"allow":["GET"]}}],"collection":[{"href":"https:\/\/mustatdev.net\/index.php\/wp-json\/wp\/v2\/pages"}],"about":[{"href":"https:\/\/mustatdev.net\/index.php\/wp-json\/wp\/v2\/types\/page"}],"author":[{"embeddable":true,"href":"https:\/\/mustatdev.net\/index.php\/wp-json\/wp\/v2\/users\/1"}],"replies":[{"embeddable":true,"href":"https:\/\/mustatdev.net\/index.php\/wp-json\/wp\/v2\/comments?post=128"}],"version-history":[{"count":2,"href":"https:\/\/mustatdev.net\/index.php\/wp-json\/wp\/v2\/pages\/128\/revisions"}],"predecessor-version":[{"id":204,"href":"https:\/\/mustatdev.net\/index.php\/wp-json\/wp\/v2\/pages\/128\/revisions\/204"}],"wp:attachment":[{"href":"https:\/\/mustatdev.net\/index.php\/wp-json\/wp\/v2\/media?parent=128"}],"curies":[{"name":"wp","href":"https:\/\/api.w.org\/{rel}","templated":true}]}}