{"id":285,"date":"2025-05-06T12:07:04","date_gmt":"2025-05-06T12:07:04","guid":{"rendered":"https:\/\/mustatdev.net\/?post_type=product&#038;p=285"},"modified":"2025-06-29T22:04:41","modified_gmt":"2025-06-29T22:04:41","slug":"microsoft-365","status":"publish","type":"product","link":"https:\/\/mustatdev.net\/index.php\/product\/microsoft-365\/","title":{"rendered":"Microsoft 365"},"content":{"rendered":"<div class=\"ld-fancy-heading ld_fancy_heading_6819f8d54e1dc lqd-unit-animation-done\">\n<h2 class=\"lqd-highlight-underline lqd-highlight-grow-left\"><span class=\"ld-fh-txt\">Dynamisez votre entreprise avec Microsoft 365<\/span><\/h2>\n<\/div>\n<div class=\"vc_empty_space\">C&rsquo;est la suite Office que vous connaissez, mais avec des outils suppl\u00e9mentaires pour vous aider \u00e0 mieux travailler ensemble, afin que vous puissiez \u00eatre plus productif, \u00e0 tout moment et en tout lieu.<\/div>\n","protected":false},"excerpt":{"rendered":"<div class=\"ld-fancy-heading ld_fancy_heading_6819f8d54e1dc lqd-unit-animation-done\">\n<h2 class=\"lqd-highlight-underline lqd-highlight-grow-left\"><span class=\"ld-fh-txt\">Dynamisez votre entreprise avec Microsoft 365<\/span><\/h2>\n<\/div>\n<div class=\"vc_empty_space\"><\/div>\n","protected":false},"featured_media":286,"comment_status":"open","ping_status":"closed","template":"","meta":[],"product_brand":[],"product_cat":[38],"product_tag":[],"class_list":{"0":"post-285","1":"product","2":"type-product","3":"status-publish","4":"has-post-thumbnail","6":"product_cat-cloudsolutions","8":"first","9":"instock","10":"featured","11":"virtual","12":"sold-individually","13":"taxable","14":"purchasable","15":"product-type-simple"},"_links":{"self":[{"href":"https:\/\/mustatdev.net\/index.php\/wp-json\/wp\/v2\/product\/285","targetHints":{"allow":["GET"]}}],"collection":[{"href":"https:\/\/mustatdev.net\/index.php\/wp-json\/wp\/v2\/product"}],"about":[{"href":"https:\/\/mustatdev.net\/index.php\/wp-json\/wp\/v2\/types\/product"}],"replies":[{"embeddable":true,"href":"https:\/\/mustatdev.net\/index.php\/wp-json\/wp\/v2\/comments?post=285"}],"wp:featuredmedia":[{"embeddable":true,"href":"https:\/\/mustatdev.net\/index.php\/wp-json\/wp\/v2\/media\/286"}],"wp:attachment":[{"href":"https:\/\/mustatdev.net\/index.php\/wp-json\/wp\/v2\/media?parent=285"}],"wp:term":[{"taxonomy":"product_brand","embeddable":true,"href":"https:\/\/mustatdev.net\/index.php\/wp-json\/wp\/v2\/product_brand?post=285"},{"taxonomy":"product_cat","embeddable":true,"href":"https:\/\/mustatdev.net\/index.php\/wp-json\/wp\/v2\/product_cat?post=285"},{"taxonomy":"product_tag","embeddable":true,"href":"https:\/\/mustatdev.net\/index.php\/wp-json\/wp\/v2\/product_tag?post=285"}],"curies":[{"name":"wp","href":"https:\/\/api.w.org\/{rel}","templated":true}]}}